{"id":98,"date":"2018-03-13T14:13:16","date_gmt":"2018-03-13T14:13:16","guid":{"rendered":"http:\/\/boernslivoglaering.dk\/?page_id=98"},"modified":"2018-03-15T09:52:34","modified_gmt":"2018-03-15T09:52:34","slug":"om-forfatterne","status":"publish","type":"page","link":"https:\/\/boernslivoglaering.dk\/?page_id=98","title":{"rendered":"Om forfatterne"},"content":{"rendered":"<p>[et_pb_section fb_built=&#8221;1&#8243; _builder_version=&#8221;3.0.106&#8243;][et_pb_row _builder_version=&#8221;3.0.106&#8243;][et_pb_column type=&#8221;4_4&#8243; _builder_version=&#8221;3.0.106&#8243; parallax=&#8221;off&#8221; parallax_method=&#8221;on&#8221;][et_pb_text _builder_version=&#8221;3.0.106&#8243; inline_fonts=&#8221;Archivo Black&#8221;]<\/p>\n<h3><span style=\"font-family: 'Archivo Black'; font-weight: normal;\"><strong>Om forfatterne til <\/strong><\/span><\/h3>\n<h3><span style=\"font-family: 'Archivo Black'; font-weight: normal;\"><strong>B\u00f8rns liv og l\u00e6ring<\/strong><\/span><\/h3>\n<p><strong><\/strong><\/p>\n<p><strong>Michael Wahl Andersen <\/strong>er cand.p\u00e6d.psyk., ansat som lektor p\u00e5 professionsh\u00f8jskolen UCC og har bl.a. besk\u00e6ftiget sig med b\u00f8rns tidlige udvikling af matematisk opm\u00e6rksomhed i dagtilbud og den betydning, dette har for deres tilegnelse af matematisk literacy\/numeracy og matematiske kompetencer. Michael har i denne sammenh\u00e6ng skrevet artikler om p\u00e6dagogen som facilitator af matematisk opm\u00e6rksomhed i skolestart og dagtilbud.<\/p>\n<p><strong>Karen B. Braad<\/strong> er cand.p\u00e6d. i p\u00e6dagogik, ph.d., tidligere underviser p\u00e5 professionsh\u00f8jskolen UCC og DPU og har bl.a. bidraget til antologier om teori \u2013 praksisforholdet, specialp\u00e6dagogik, l\u00e6reruddannelsens historie og undervisning og l\u00e6ring.<\/p>\n<p><strong>Stig Brostr\u00f6m <\/strong>er uddannet p\u00e6dagog, cand.p\u00e6d. og ph.d. i sm\u00e5b\u00f8rnsp\u00e6dagogik og er professor emeritus ved Danmarks Institut for P\u00e6dagogik og Uddannelse (DPU) under Aarhus Universitet. Han har bl.a. forsket i og skrevet om didaktiske og almenp\u00e6dagogiske temaer, l\u00e6replaner, vuggestue- og b\u00f8rnehavep\u00e6dagogik, v\u00e6rdier i dagtilbud, overgang til skolen og indskolingsp\u00e6dagogik, l\u00e6rings- og udviklingsteori, leg og \u00e6stetiske l\u00e6reprocesser samt science i b\u00f8rnehaven.<\/p>\n<p><strong>Jan Kampmann<\/strong> er mag.art. og cand.mag. i p\u00e6dagogik og sociologi og er ansat som professor ved Institut for Mennesker og Teknologi p\u00e5 RUC samt som professor II ved Institutt for pedagogikk p\u00e5 Universitetet i Agder. Jan Kampmann har igennem mange \u00e5r forsket i daginstitutions- og skoleomr\u00e5det, med s\u00e6rlig interesse for, hvordan hverdagslivet fors\u00f8ges h\u00e5ndteret i disse, i stadig mere politisk styrede, institutionelle sammenh\u00e6nge, s\u00e5vel set fra b\u00f8rne-\/elevperspektiv som fra p\u00e6dagog-\/l\u00e6rerperspektiv.<\/p>\n<p><strong>Suzanne Krogh<\/strong> er cand.psych. med speciale i b\u00f8rn og unges udvikling og lektor i p\u00e6dagogik. Privat konsulent, foredragsholder, underviser, forfatter, familier\u00e5dgiver, ledelsescoach samt ekstern lektor i UCC, Life-lab (<a href=\"http:\/\/www.life-lab.dk\/\">www.life-lab.dk<\/a>.)<\/p>\n<p><strong>Sara Hannibal<\/strong> er cand.mag. i dansk og engelsk. Hun er ansat som lektor ved l\u00e6reruddannelsen p\u00e5 UCC i dansk og i dansk som andetsprog og som faglig konsulent i Nationalt Videncenter for L\u00e6sning p\u00e5 forskellige tv\u00e6rprofessionelle projekter i skole, sfo og dagtilbud med tidlig literacy som omdrejningspunkt. Sara har igennem mange \u00e5r ogs\u00e5 undervist l\u00e6rere og p\u00e6dagoger i efter- og videreuddannelsesregi, bl.a. Sprogpakken, l\u00e6sevejlederuddannelsen og s\u00e6rligt tilrettelagte forl\u00f8b for b\u00f8rnehaveklasseledere og l\u00e6rere.<\/p>\n<p><strong>Klaus Nielsen<\/strong> er cand.psych. og ansat som professor i p\u00e6dagogisk psykologi p\u00e5 Aarhus Universitet. Klaus Nielsen har bl.a. forsket i l\u00e6ring, mesterl\u00e6re og frafald.<\/p>\n<p><strong>S\u00f8ren Smidt<\/strong> er cand.psych., ph.d., chefkonsulent og forsker ansat p\u00e5 UCC. Forfatter til en lang r\u00e6kke artikler, b\u00f8ger og film om p\u00e6dagogik, daginstitutioner og barndom.<\/p>\n<p><strong>Lene Tanggaard<\/strong> er cand.psych., ph.d. og er ansat som professor og viceinstitutleder ved Institut for Kommunikation og Psykologi p\u00e5 Aalborg Universitet. Lene Tanggaard har forsket i l\u00e6reprocesser og kreativitet og har udgivet talrige artikler og b\u00f8ger med disse temaer som omdrejningspunkt.<\/p>\n<p><strong>Peter Weng<\/strong> er cand.p\u00e6d. i matematik og lektor p\u00e5 professionsh\u00f8jskolen Metropol. Arbejder med elever med s\u00e6rlige behov eller s\u00e6rlige foruds\u00e6tninger i matematikvanskeligheder samt evaluering af og problembehandling i matematikundervisningen.<\/p>\n<p>[\/et_pb_text][\/et_pb_column][\/et_pb_row][\/et_pb_section]<\/p>\n","protected":false},"excerpt":{"rendered":"<p>Om forfatterne til B\u00f8rns liv og l\u00e6ring Michael Wahl Andersen er cand.p\u00e6d.psyk., ansat som lektor p\u00e5 professionsh\u00f8jskolen UCC og har bl.a. besk\u00e6ftiget sig med b\u00f8rns tidlige udvikling af matematisk opm\u00e6rksomhed i dagtilbud og den betydning, dette har for deres tilegnelse af matematisk literacy\/numeracy og matematiske kompetencer. Michael har i denne sammenh\u00e6ng skrevet artikler om p\u00e6dagogen [&hellip;]<\/p>\n","protected":false},"author":2,"featured_media":0,"parent":0,"menu_order":0,"comment_status":"closed","ping_status":"closed","template":"","meta":{"_et_pb_use_builder":"on","_et_pb_old_content":"","_et_gb_content_width":"","footnotes":""},"class_list":["post-98","page","type-page","status-publish","hentry"],"_links":{"self":[{"href":"https:\/\/boernslivoglaering.dk\/index.php?rest_route=\/wp\/v2\/pages\/98","targetHints":{"allow":["GET"]}}],"collection":[{"href":"https:\/\/boernslivoglaering.dk\/index.php?rest_route=\/wp\/v2\/pages"}],"about":[{"href":"https:\/\/boernslivoglaering.dk\/index.php?rest_route=\/wp\/v2\/types\/page"}],"author":[{"embeddable":true,"href":"https:\/\/boernslivoglaering.dk\/index.php?rest_route=\/wp\/v2\/users\/2"}],"replies":[{"embeddable":true,"href":"https:\/\/boernslivoglaering.dk\/index.php?rest_route=%2Fwp%2Fv2%2Fcomments&post=98"}],"version-history":[{"count":5,"href":"https:\/\/boernslivoglaering.dk\/index.php?rest_route=\/wp\/v2\/pages\/98\/revisions"}],"predecessor-version":[{"id":288,"href":"https:\/\/boernslivoglaering.dk\/index.php?rest_route=\/wp\/v2\/pages\/98\/revisions\/288"}],"wp:attachment":[{"href":"https:\/\/boernslivoglaering.dk\/index.php?rest_route=%2Fwp%2Fv2%2Fmedia&parent=98"}],"curies":[{"name":"wp","href":"https:\/\/api.w.org\/{rel}","templated":true}]}}