{"id":96,"date":"2018-03-13T14:13:07","date_gmt":"2018-03-13T14:13:07","guid":{"rendered":"http:\/\/boernslivoglaering.dk\/?page_id=96"},"modified":"2018-03-15T10:34:08","modified_gmt":"2018-03-15T10:34:08","slug":"om-bogen","status":"publish","type":"page","link":"https:\/\/boernslivoglaering.dk\/","title":{"rendered":"Om bogen"},"content":{"rendered":"<p>[et_pb_section fb_built=&#8221;1&#8243; specialty=&#8221;on&#8221; admin_label=&#8221;Person&#8221; _builder_version=&#8221;3.0.105&#8243; custom_padding=&#8221;|||&#8221;][et_pb_column type=&#8221;1_3&#8243; _builder_version=&#8221;3.0.47&#8243; parallax=&#8221;off&#8221; parallax_method=&#8221;on&#8221;][et_pb_image src=&#8221;http:\/\/boernslivoglaering.dk\/wp-content\/uploads\/2018\/03\/BOERNS_LIV_OG_LAERING_forside_300.jpg&#8221; force_fullwidth=&#8221;on&#8221; _builder_version=&#8221;3.0.106&#8243; animation_style=&#8221;fade&#8221; locked=&#8221;off&#8221;][\/et_pb_image][\/et_pb_column][et_pb_column type=&#8221;2_3&#8243; specialty_columns=&#8221;2&#8243; _builder_version=&#8221;3.0.47&#8243; parallax=&#8221;off&#8221; parallax_method=&#8221;on&#8221;][et_pb_row_inner custom_padding=&#8221;29.6875px|0px|0|0px&#8221; _builder_version=&#8221;3.0.105&#8243;][et_pb_column_inner type=&#8221;4_4&#8243; saved_specialty_column_type=&#8221;2_3&#8243; _builder_version=&#8221;3.0.47&#8243; box_shadow_position=&#8221;outer&#8221; parallax=&#8221;off&#8221; parallax_method=&#8221;on&#8221;][et_pb_text admin_label=&#8221;Name&#8221; _builder_version=&#8221;3.0.105&#8243; text_font=&#8221;Montserrat||||||||&#8221; header_font=&#8221;||||||||&#8221; header_3_font=&#8221;Cormorant Garamond|500|||||||&#8221; header_3_font_size=&#8221;32px&#8221; custom_margin=&#8221;|||&#8221; locked=&#8221;off&#8221; inline_fonts=&#8221;Archivo Narrow,Archivo Black&#8221;]<\/p>\n<h2><span style=\"font-family: 'Archivo Black'; font-weight: normal;\">B\u00f8rns liv og l\u00e6ring\u00a0<\/span><\/h2>\n<h3><span style=\"font-family: 'Archivo Black'; font-weight: normal;\">I skole og dagtilbud<\/span><\/h3>\n<p>[\/et_pb_text][et_pb_text admin_label=&#8221;Name&#8221; _builder_version=&#8221;3.0.105&#8243; text_font=&#8221;Montserrat||||||||&#8221; header_font=&#8221;||||||||&#8221; header_3_font=&#8221;Cormorant Garamond|600|||||||&#8221; custom_margin=&#8221;||15px|&#8221; locked=&#8221;off&#8221;][\/et_pb_text][\/et_pb_column_inner][\/et_pb_row_inner][et_pb_row_inner custom_padding=&#8221;0|0px|14px|0px&#8221; _builder_version=&#8221;3.0.105&#8243;][et_pb_column_inner type=&#8221;4_4&#8243; saved_specialty_column_type=&#8221;2_3&#8243; _builder_version=&#8221;3.0.47&#8243; box_shadow_position=&#8221;outer&#8221; parallax=&#8221;off&#8221; parallax_method=&#8221;on&#8221;][et_pb_text _builder_version=&#8221;3.0.106&#8243;]<\/p>\n<p><strong>B\u00f8rns liv og l\u00e6ring er udgivet af <a href=\"http:\/\/samfundslitteratur.dk\/\">Samfundslitteratur<\/a><\/strong><\/p>\n<p>Skole og dagtilbud underl\u00e6gges stadig mere detaljerede indholds- og m\u00e5lkrav for deres virksomhed, og i denne proces overses ofte det faktum, at b\u00f8rns muligheder for udvikling og l\u00e6ring har t\u00e6t sammenh\u00e6ng med hele deres levede liv og med de samfundsm\u00e6ssige vilk\u00e5r, de er underlagt.<\/p>\n<p>Denne bog \u00f8nsker at give kommende l\u00e6rere og p\u00e6dagoger forst\u00e5else af de overordnede sammenh\u00e6nge i b\u00f8rns udviklings- og l\u00e6reprocesser, uanset om disse foreg\u00e5r i skolens almene eller underst\u00f8ttende undervisning, i dagtilbud eller helt uden for disse rammer. S\u00e5ledes retter bogen sig imod to m\u00e5lgrupper, som i uddannelsessammenh\u00e6nge og i praksis ofte betragtes adskilt, men som jo er f\u00e6lles om den helt fundamentale opgave: b\u00f8rns udvikling og l\u00e6ring.<\/p>\n<p>Bogen indeholder:<\/p>\n<ul>\n<li>Analyse af de samfunds- og uddannelsesm\u00e6ssige betingelser for den moderne barndom,<\/li>\n<li>Pr\u00e6sentation af centrale almene l\u00e6ringsteorier og deres sammenh\u00e6ng med den samfundsm\u00e6ssige udvikling og uddannelsespolitiske diskussion<\/li>\n<li>Konkret inspiration til samarbejdet mellem l\u00e6rere og p\u00e6dagoger<\/li>\n<li>Pr\u00e6sentation og analyse af hvordan p\u00e6dagogiske rutiner i dagtilbud kan udvikle b\u00f8rns grundl\u00e6ggende hverdagsf\u00e6rdigheder<\/li>\n<li>Redskaber til didaktisk analyse, planl\u00e6gning og evaluering af undervisning og p\u00e6dagogiske forl\u00f8b<\/li>\n<li>Anvisninger p\u00e5 udvikling af l\u00e6se- og matematikfaglige kompetencer i dagtilbud og skole.<\/li>\n<\/ul>\n<p>Bogen im\u00f8dekommer behovet for en kortfattet, bredt d\u00e6kkende og overskuelig forskningsbaseret studiebog, der retter sig mod undervisning og eksamen i p\u00e6dagog- og l\u00e6reruddannelsen. Bogen giver p\u00e5 en gang en grundig pr\u00e6sentation og diskussion af forskellige teoretiske positioner og mange eksempler p\u00e5 det praktiske arbejde i skole og dagtilbud.<\/p>\n<div class=\"item type\">\n<div class=\"inside-item\"><span style=\"font-size: 14px;\"><\/span><\/div>\n<\/div>\n<p>[\/et_pb_text][\/et_pb_column_inner][\/et_pb_row_inner][et_pb_row_inner custom_padding=&#8221;0|0px|0px|0px&#8221; _builder_version=&#8221;3.0.106&#8243;][et_pb_column_inner type=&#8221;1_2&#8243; saved_specialty_column_type=&#8221;2_3&#8243; _builder_version=&#8221;3.0.47&#8243; box_shadow_position=&#8221;outer&#8221; parallax=&#8221;off&#8221; parallax_method=&#8221;on&#8221;][et_pb_text _builder_version=&#8221;3.0.106&#8243;]<\/p>\n<p><span>Karen B\u00f8nl\u00f8kke Braad (red.)<\/span><\/p>\n<p><span>Bidragsydere:<\/span><span>\u00a0Michael Wahl Andersen, Karen B\u00f8nl\u00f8kke Braad, Stig Brostr\u00f6m<\/span><span>, Sara Hannibal<\/span><span>, Jan Kampmann<\/span><span>, Suzanne Krogh, Klaus Nielsen<\/span><span>, S\u00f8ren Smidt, Lene Tanggaard\u00a0<\/span><span>og Peter Weng<\/span><\/p>\n<div class=\"item type\">\n<div class=\"inside-item\">1.<span>\u00a0<\/span><span>udgave\u00a0<\/span><span>(2018),\u00a0<\/span>200<span>\u00a0<\/span><span>sider,\u00a0<\/span><span>VEJL. PRIS\u00a0<\/span><span>225<\/span><span>,-<\/span><\/div>\n<\/div>\n<p>[\/et_pb_text][\/et_pb_column_inner][et_pb_column_inner type=&#8221;1_2&#8243; saved_specialty_column_type=&#8221;2_3&#8243; _builder_version=&#8221;3.0.47&#8243; box_shadow_position=&#8221;outer&#8221; parallax=&#8221;off&#8221; parallax_method=&#8221;on&#8221;][et_pb_button button_url=&#8221;https:\/\/www.academicbooks.dk\/boerns-liv-og-laering\/redaktoer-karen-boenloekke-braad\/9788759328118&#8243; button_text=&#8221;K\u00f8b bogen&#8221; _builder_version=&#8221;3.0.106&#8243;][\/et_pb_button][\/et_pb_column_inner][\/et_pb_row_inner][\/et_pb_column][\/et_pb_section]<\/p>\n","protected":false},"excerpt":{"rendered":"<p>B\u00f8rns liv og l\u00e6ring\u00a0 I skole og dagtilbudB\u00f8rns liv og l\u00e6ring er udgivet af Samfundslitteratur Skole og dagtilbud underl\u00e6gges stadig mere detaljerede indholds- og m\u00e5lkrav for deres virksomhed, og i denne proces overses ofte det faktum, at b\u00f8rns muligheder for udvikling og l\u00e6ring har t\u00e6t sammenh\u00e6ng med hele deres levede liv og med de samfundsm\u00e6ssige [&hellip;]<\/p>\n","protected":false},"author":2,"featured_media":0,"parent":0,"menu_order":0,"comment_status":"closed","ping_status":"closed","template":"","meta":{"_et_pb_use_builder":"on","_et_pb_old_content":"","_et_gb_content_width":"","footnotes":""},"class_list":["post-96","page","type-page","status-publish","hentry"],"_links":{"self":[{"href":"https:\/\/boernslivoglaering.dk\/index.php?rest_route=\/wp\/v2\/pages\/96","targetHints":{"allow":["GET"]}}],"collection":[{"href":"https:\/\/boernslivoglaering.dk\/index.php?rest_route=\/wp\/v2\/pages"}],"about":[{"href":"https:\/\/boernslivoglaering.dk\/index.php?rest_route=\/wp\/v2\/types\/page"}],"author":[{"embeddable":true,"href":"https:\/\/boernslivoglaering.dk\/index.php?rest_route=\/wp\/v2\/users\/2"}],"replies":[{"embeddable":true,"href":"https:\/\/boernslivoglaering.dk\/index.php?rest_route=%2Fwp%2Fv2%2Fcomments&post=96"}],"version-history":[{"count":5,"href":"https:\/\/boernslivoglaering.dk\/index.php?rest_route=\/wp\/v2\/pages\/96\/revisions"}],"predecessor-version":[{"id":290,"href":"https:\/\/boernslivoglaering.dk\/index.php?rest_route=\/wp\/v2\/pages\/96\/revisions\/290"}],"wp:attachment":[{"href":"https:\/\/boernslivoglaering.dk\/index.php?rest_route=%2Fwp%2Fv2%2Fmedia&parent=96"}],"curies":[{"name":"wp","href":"https:\/\/api.w.org\/{rel}","templated":true}]}}