{"id":87,"date":"2018-03-13T14:12:25","date_gmt":"2018-03-13T14:12:25","guid":{"rendered":"http:\/\/boernslivoglaering.dk\/?page_id=87"},"modified":"2018-03-14T12:08:08","modified_gmt":"2018-03-14T12:08:08","slug":"barndom","status":"publish","type":"page","link":"https:\/\/boernslivoglaering.dk\/?page_id=87","title":{"rendered":"Leg"},"content":{"rendered":"<p>[et_pb_section fb_built=&#8221;1&#8243; admin_label=&#8221;Features&#8221; _builder_version=&#8221;3.0.105&#8243; custom_margin=&#8221;|||&#8221; custom_padding=&#8221;||90px|&#8221;][et_pb_row custom_padding=&#8221;0|0px|0|0px&#8221; _builder_version=&#8221;3.0.106&#8243;][et_pb_column type=&#8221;2_3&#8243; _builder_version=&#8221;3.0.106&#8243; parallax=&#8221;off&#8221; parallax_method=&#8221;on&#8221;][et_pb_text _builder_version=&#8221;3.0.106&#8243; inline_fonts=&#8221;Archivo Black&#8221;]<\/p>\n<h1><span style=\"font-family: 'Archivo Black';\">LEG<\/span><\/h1>\n<p>[\/et_pb_text][\/et_pb_column][et_pb_column type=&#8221;1_3&#8243; _builder_version=&#8221;3.0.106&#8243; parallax=&#8221;off&#8221; parallax_method=&#8221;on&#8221;][et_pb_image src=&#8221;http:\/\/boernslivoglaering.dk\/wp-content\/uploads\/2018\/03\/ikon_leg_100x100mm.png&#8221; _builder_version=&#8221;3.0.106&#8243;][\/et_pb_image][\/et_pb_column][\/et_pb_row][et_pb_row custom_padding=&#8221;57px|50px|54px|50px&#8221; custom_padding_phone=&#8221;|20px||20px&#8221; custom_margin=&#8221;50px|||&#8221; background_color=&#8221;#e09900&#8243; custom_padding_last_edited=&#8221;on|phone&#8221; _builder_version=&#8221;3.0.106&#8243; background_color_gradient_direction=&#8221;106deg&#8221;][et_pb_column type=&#8221;1_3&#8243; _builder_version=&#8221;3.0.47&#8243; parallax=&#8221;off&#8221; parallax_method=&#8221;on&#8221;][et_pb_text _builder_version=&#8221;3.0.106&#8243;]<\/p>\n<p><span style=\"color: #ffffff;\"><em>B\u00f8rn og leg<\/em><\/span><\/p>\n<p><span style=\"color: #ffffff;\">\u2019Man leger, fordi man skal v\u00e6re venner. Det forklarer et af b\u00f8rnene i denne film, hvor lektor p\u00e5 UCC, S\u00f8ren Smidt, fort\u00e6ller om legens store betydning for b\u00f8rns sociale relationer og den rolle, p\u00e6dagoger kan spille, s\u00e5 alle b\u00f8rn f\u00e5r mulighed for at v\u00e6re med. I filmen f\u00f8lger man b\u00f8rnene i blandt andet vild tumleleg og p\u00e5 b\u00f8rnehavens legeplads, og b\u00f8rnene fort\u00e6ller om, hvordan man f\u00e5r lov at v\u00e6re med i en leg. I filmen oplever man ogs\u00e5, hvordan p\u00e6dagogerne arbejder i forhold til b\u00f8rnenes leg.\u2019<\/span><\/p>\n<p>[\/et_pb_text][\/et_pb_column][et_pb_column type=&#8221;2_3&#8243; _builder_version=&#8221;3.0.47&#8243; parallax=&#8221;off&#8221; parallax_method=&#8221;on&#8221;][et_pb_video src=&#8221;https:\/\/www.youtube.com\/watch?v=eYR1CVE1psc&#8221; _builder_version=&#8221;3.0.106&#8243;][\/et_pb_video][\/et_pb_column][\/et_pb_row][\/et_pb_section]<\/p>\n","protected":false},"excerpt":{"rendered":"<p>LEGB\u00f8rn og leg \u2019Man leger, fordi man skal v\u00e6re venner. Det forklarer et af b\u00f8rnene i denne film, hvor lektor p\u00e5 UCC, S\u00f8ren Smidt, fort\u00e6ller om legens store betydning for b\u00f8rns sociale relationer og den rolle, p\u00e6dagoger kan spille, s\u00e5 alle b\u00f8rn f\u00e5r mulighed for at v\u00e6re med. I filmen f\u00f8lger man b\u00f8rnene i blandt [&hellip;]<\/p>\n","protected":false},"author":2,"featured_media":0,"parent":0,"menu_order":0,"comment_status":"closed","ping_status":"closed","template":"","meta":{"_et_pb_use_builder":"on","_et_pb_old_content":"","_et_gb_content_width":"","footnotes":""},"class_list":["post-87","page","type-page","status-publish","hentry"],"_links":{"self":[{"href":"https:\/\/boernslivoglaering.dk\/index.php?rest_route=\/wp\/v2\/pages\/87","targetHints":{"allow":["GET"]}}],"collection":[{"href":"https:\/\/boernslivoglaering.dk\/index.php?rest_route=\/wp\/v2\/pages"}],"about":[{"href":"https:\/\/boernslivoglaering.dk\/index.php?rest_route=\/wp\/v2\/types\/page"}],"author":[{"embeddable":true,"href":"https:\/\/boernslivoglaering.dk\/index.php?rest_route=\/wp\/v2\/users\/2"}],"replies":[{"embeddable":true,"href":"https:\/\/boernslivoglaering.dk\/index.php?rest_route=%2Fwp%2Fv2%2Fcomments&post=87"}],"version-history":[{"count":5,"href":"https:\/\/boernslivoglaering.dk\/index.php?rest_route=\/wp\/v2\/pages\/87\/revisions"}],"predecessor-version":[{"id":222,"href":"https:\/\/boernslivoglaering.dk\/index.php?rest_route=\/wp\/v2\/pages\/87\/revisions\/222"}],"wp:attachment":[{"href":"https:\/\/boernslivoglaering.dk\/index.php?rest_route=%2Fwp%2Fv2%2Fmedia&parent=87"}],"curies":[{"name":"wp","href":"https:\/\/api.w.org\/{rel}","templated":true}]}}